{"id":31459,"date":"2025-07-05T15:22:08","date_gmt":"2025-07-05T15:22:08","guid":{"rendered":"https:\/\/novagestioinmobiliaria.com\/investoren\/"},"modified":"2025-07-15T17:49:26","modified_gmt":"2025-07-15T17:49:26","slug":"investoren","status":"publish","type":"page","link":"https:\/\/novagestioinmobiliaria.com\/de\/investoren\/","title":{"rendered":"Investoren"},"content":{"rendered":"<div class=\"wpb-content-wrapper\"><p>[vc_row 0=&#8220;&#8220;][vc_column css=&#8220;.vc_custom_1494338363945{padding-top: 39px !important;padding-bottom: 24px !important;}&#8220;][vc_empty_space height=&#8220;12px&#8220;]\r\n\t\t<div class=\"mh-heading-wrapper  \">\r\n\t\t\t\r\n\t\t\t<h2 class=\"mh-heading  mh-heading--bottom-separator    vc_custom_1585820170780\"\r\n\t\t\t\t\tstyle=\"font-weight:700;\">\r\n\t\t\t\tINVESTIEREN SIE IHR KAPITAL MIT EINER HOHEN RENDITE\t\t\t<\/h2>\r\n\r\n\t\t\t\r\n\t\t\t\t\t<\/div>\r\n\r\n        [vc_single_image image=&#8220;3186&#8243; img_size=&#8220;full&#8220; alignment=&#8220;center&#8220;][vc_row_inner 0=&#8220;&#8220;][vc_column_inner width=&#8220;1\/2&#8243;][vc_column_text]<\/p>\n<p style=\"text-align: justify;\">Wenn Sie ein <strong>Investor<\/strong> sind, \u00fcber <strong>Kapital zum Investieren<\/strong> verf\u00fcgen und nicht wissen, wie Sie Ihr <strong>Geld am besten anlegen<\/strong> sollten, machen Sie sich keine Sorgen! Wir wissen genau <strong>welche Immobilien sich am besten f\u00fcr ein Investment eignen<\/strong>. Wir beraten Sie professionell damit Ihre Investition ein Erfolg wird, sowohl kurz- als auch langfristig.<br \/>\nDas <strong>Investment in Immobilien<\/strong> war schon immer eine <strong>gute Option, auf kurze Sicht, aber auch auf lange<\/strong>. Man muss nur wissen, was man kaufen sollte, wann und wo. Deshalb bieten wir unseren Kunden mit Investment-Kapital die Chance, eine rentable Immobilie zu erwerben, zum Beispiel Objekte mit guten Mietern oder Immobilien die zu einem guten Preis weiter verkauft werden k\u00f6nnen. Wir kennen uns mit dem Immobilienmarkt sehr gut aus, da unsere Aktivit\u00e4t genau darin besteht: in <strong>der Akquise, dem Verkauf und der Vermietung von Objekten. Wir beraten gerne auch Bautr\u00e4ger<\/strong>, die in ein Projekt investieren m\u00f6chten. Vertrauen Sie <strong>Nova Gestio Inmobiliaria<\/strong>,<strong>\u00a0<\/strong>Ihr<strong> Immobilienmakler<\/strong> mit \u00fcber 15 Jahren Erfahrung.<\/p>\n<p>[\/vc_column_text][\/vc_column_inner][vc_column_inner width=&#8220;1\/2&#8243;][vc_single_image image=&#8220;2341&#8243; img_size=&#8220;full&#8220;][\/vc_column_inner][\/vc_row_inner][\/vc_column][\/vc_row]<\/p>\n<\/div>","protected":false},"excerpt":{"rendered":"<p>[vc_row 0=&#8220;&#8220;][vc_column css=&#8220;.vc_custom_1494338363945{padding-top: 39px !important;padding-bottom: 24px !important;}&#8220;][vc_empty_space height=&#8220;12px&#8220;][vc_single_image image=&#8220;3186&#8243; img_size=&#8220;full&#8220; alignment=&#8220;center&#8220;][vc_row_inner 0=&#8220;&#8220;][vc_column_inner width=&#8220;1\/2&#8243;][vc_column_text] Wenn Sie ein Investor sind, \u00fcber Kapital zum Investieren verf\u00fcgen und nicht wissen, wie Sie Ihr Geld am besten anlegen sollten, machen Sie sich keine Sorgen! Wir wissen genau welche Immobilien sich am besten f\u00fcr ein Investment eignen. Wir beraten Sie professionell [&hellip;]<\/p>\n","protected":false},"author":1,"featured_media":0,"parent":0,"menu_order":0,"comment_status":"closed","ping_status":"closed","template":"page_full-width.php","meta":{"_exactmetrics_skip_tracking":false,"_exactmetrics_sitenote_active":false,"_exactmetrics_sitenote_note":"","_exactmetrics_sitenote_category":0,"footnotes":"","_joinchat":[]},"_links":{"self":[{"href":"https:\/\/novagestioinmobiliaria.com\/de\/wp-json\/wp\/v2\/pages\/31459"}],"collection":[{"href":"https:\/\/novagestioinmobiliaria.com\/de\/wp-json\/wp\/v2\/pages"}],"about":[{"href":"https:\/\/novagestioinmobiliaria.com\/de\/wp-json\/wp\/v2\/types\/page"}],"author":[{"embeddable":true,"href":"https:\/\/novagestioinmobiliaria.com\/de\/wp-json\/wp\/v2\/users\/1"}],"replies":[{"embeddable":true,"href":"https:\/\/novagestioinmobiliaria.com\/de\/wp-json\/wp\/v2\/comments?post=31459"}],"version-history":[{"count":5,"href":"https:\/\/novagestioinmobiliaria.com\/de\/wp-json\/wp\/v2\/pages\/31459\/revisions"}],"predecessor-version":[{"id":79883,"href":"https:\/\/novagestioinmobiliaria.com\/de\/wp-json\/wp\/v2\/pages\/31459\/revisions\/79883"}],"wp:attachment":[{"href":"https:\/\/novagestioinmobiliaria.com\/de\/wp-json\/wp\/v2\/media?parent=31459"}],"curies":[{"name":"wp","href":"https:\/\/api.w.org\/{rel}","templated":true}]}}